{"id":12,"date":"2024-10-10T17:27:09","date_gmt":"2024-10-10T17:27:09","guid":{"rendered":"https:\/\/tuwdolinie.pl\/?page_id=12"},"modified":"2025-02-12T09:23:39","modified_gmt":"2025-02-12T09:23:39","slug":"rezerwacje","status":"publish","type":"page","link":"https:\/\/tuwdolinie.pl\/index.php\/rezerwacje\/","title":{"rendered":"REZERWACJE"},"content":{"rendered":"\n<p>Rezerwacje pod numerem telefonu: <strong>(+48) 505-549-496<\/strong><br>lub mailowo: <strong>tuwdolinie@gmail.com<\/strong><\/p>\n\n\n\n<p>Obowi\u0105zuje wp\u0142ata zadatku w wysoko\u015bci 20% ceny ca\u0142ego pobytu do 4 dni od potwierdzenia rezerwacji. W przypadku braku wp\u0142aty rezerwacja zostaje anulowana. Rezerwacja jest jednoznaczna z akceptacj\u0105 zasad pobytu.<\/p>\n\n\n\n<p><\/p>\n","protected":false},"excerpt":{"rendered":"<p>Rezerwacje pod numerem telefonu: (+48) 505-549-496lub mailowo: tuwdolinie@gmail.com Obowi\u0105zuje wp\u0142ata zadatku w wysoko\u015bci 20% ceny ca\u0142ego pobytu do 4 dni od potwierdzenia rezerwacji. W przypadku braku wp\u0142aty rezerwacja zostaje anulowana. Rezerwacja jest jednoznaczna z akceptacj\u0105 zasad pobytu.<\/p>\n","protected":false},"author":1,"featured_media":0,"parent":0,"menu_order":0,"comment_status":"closed","ping_status":"closed","template":"","meta":{"_themeisle_gutenberg_block_has_review":false,"footnotes":""},"class_list":["post-12","page","type-page","status-publish","hentry"],"_links":{"self":[{"href":"https:\/\/tuwdolinie.pl\/index.php\/wp-json\/wp\/v2\/pages\/12","targetHints":{"allow":["GET"]}}],"collection":[{"href":"https:\/\/tuwdolinie.pl\/index.php\/wp-json\/wp\/v2\/pages"}],"about":[{"href":"https:\/\/tuwdolinie.pl\/index.php\/wp-json\/wp\/v2\/types\/page"}],"author":[{"embeddable":true,"href":"https:\/\/tuwdolinie.pl\/index.php\/wp-json\/wp\/v2\/users\/1"}],"replies":[{"embeddable":true,"href":"https:\/\/tuwdolinie.pl\/index.php\/wp-json\/wp\/v2\/comments?post=12"}],"version-history":[{"count":3,"href":"https:\/\/tuwdolinie.pl\/index.php\/wp-json\/wp\/v2\/pages\/12\/revisions"}],"predecessor-version":[{"id":165,"href":"https:\/\/tuwdolinie.pl\/index.php\/wp-json\/wp\/v2\/pages\/12\/revisions\/165"}],"wp:attachment":[{"href":"https:\/\/tuwdolinie.pl\/index.php\/wp-json\/wp\/v2\/media?parent=12"}],"curies":[{"name":"wp","href":"https:\/\/api.w.org\/{rel}","templated":true}]}}