{"id":14,"date":"2024-10-10T17:27:09","date_gmt":"2024-10-10T17:27:09","guid":{"rendered":"https:\/\/tuwdolinie.pl\/?page_id=14"},"modified":"2025-02-12T09:20:17","modified_gmt":"2025-02-12T09:20:17","slug":"atrakcje","status":"publish","type":"page","link":"https:\/\/tuwdolinie.pl\/index.php\/atrakcje\/","title":{"rendered":"ATRAKCJE"},"content":{"rendered":"\n<h2 class=\"wp-block-heading\">Na piechot\u0119<\/h2>\n\n\n\n<ul class=\"wp-block-list\">\n<li><strong>Zegar s\u0142oneczny na g\u00f3rze Piwane<\/strong><br>Na g\u0142azach poni\u017cej szczytu g\u00f3ry znajduje si\u0119 wyrze\u017abiony zegar s\u0142oneczny oraz inne symbole i znaki: krzy\u017ce, napisy pisane cyrlic\u0105, daty 1913 i 1914. Wykuta jest te\u017c niewielka wn\u0119ka, prawdopodobnie na obrazek\/ikon\u0119. Przypuszcza si\u0119, \u017ce miejsce to mog\u0142o by\u0107 wykorzystywane na msze polowe przez stacjonuj\u0105cych tu \u017co\u0142nierzy podczas I wojny \u015bwiatowej.<\/li>\n<\/ul>\n\n\n\n<figure class=\"wp-block-gallery has-nested-images columns-default is-cropped wp-block-gallery-1 is-layout-flex wp-block-gallery-is-layout-flex\">\n<figure class=\"wp-block-image size-large\"><img loading=\"lazy\" decoding=\"async\" width=\"768\" height=\"1024\" data-id=\"130\" src=\"https:\/\/tuwdolinie.pl\/wp-content\/uploads\/2025\/02\/20240530_113043-768x1024.jpg\" alt=\"\" class=\"wp-image-130\" srcset=\"https:\/\/tuwdolinie.pl\/wp-content\/uploads\/2025\/02\/20240530_113043-768x1024.jpg 768w, https:\/\/tuwdolinie.pl\/wp-content\/uploads\/2025\/02\/20240530_113043-225x300.jpg 225w, https:\/\/tuwdolinie.pl\/wp-content\/uploads\/2025\/02\/20240530_113043-1152x1536.jpg 1152w, https:\/\/tuwdolinie.pl\/wp-content\/uploads\/2025\/02\/20240530_113043-1536x2048.jpg 1536w, https:\/\/tuwdolinie.pl\/wp-content\/uploads\/2025\/02\/20240530_113043-420x560.jpg 420w, https:\/\/tuwdolinie.pl\/wp-content\/uploads\/2025\/02\/20240530_113043-2000x2667.jpg 2000w, https:\/\/tuwdolinie.pl\/wp-content\/uploads\/2025\/02\/20240530_113043-scaled.jpg 1920w\" sizes=\"auto, (max-width: 768px) 100vw, 768px\" \/><\/figure>\n\n\n\n<figure class=\"wp-block-image size-large\"><img loading=\"lazy\" decoding=\"async\" width=\"768\" height=\"1024\" data-id=\"131\" src=\"https:\/\/tuwdolinie.pl\/wp-content\/uploads\/2025\/02\/20240530_113425-768x1024.jpg\" alt=\"\" class=\"wp-image-131\" srcset=\"https:\/\/tuwdolinie.pl\/wp-content\/uploads\/2025\/02\/20240530_113425-768x1024.jpg 768w, https:\/\/tuwdolinie.pl\/wp-content\/uploads\/2025\/02\/20240530_113425-225x300.jpg 225w, https:\/\/tuwdolinie.pl\/wp-content\/uploads\/2025\/02\/20240530_113425-1152x1536.jpg 1152w, https:\/\/tuwdolinie.pl\/wp-content\/uploads\/2025\/02\/20240530_113425-1536x2048.jpg 1536w, https:\/\/tuwdolinie.pl\/wp-content\/uploads\/2025\/02\/20240530_113425-420x560.jpg 420w, https:\/\/tuwdolinie.pl\/wp-content\/uploads\/2025\/02\/20240530_113425-2000x2667.jpg 2000w, https:\/\/tuwdolinie.pl\/wp-content\/uploads\/2025\/02\/20240530_113425-scaled.jpg 1920w\" sizes=\"auto, (max-width: 768px) 100vw, 768px\" \/><\/figure>\n\n\n\n<figure class=\"wp-block-image size-large\"><img loading=\"lazy\" decoding=\"async\" width=\"1024\" height=\"768\" data-id=\"128\" src=\"https:\/\/tuwdolinie.pl\/wp-content\/uploads\/2025\/02\/20240530_113451-1024x768.jpg\" alt=\"\" class=\"wp-image-128\" srcset=\"https:\/\/tuwdolinie.pl\/wp-content\/uploads\/2025\/02\/20240530_113451-1024x768.jpg 1024w, https:\/\/tuwdolinie.pl\/wp-content\/uploads\/2025\/02\/20240530_113451-300x225.jpg 300w, https:\/\/tuwdolinie.pl\/wp-content\/uploads\/2025\/02\/20240530_113451-768x576.jpg 768w, https:\/\/tuwdolinie.pl\/wp-content\/uploads\/2025\/02\/20240530_113451-1536x1152.jpg 1536w, https:\/\/tuwdolinie.pl\/wp-content\/uploads\/2025\/02\/20240530_113451-2048x1536.jpg 2048w, https:\/\/tuwdolinie.pl\/wp-content\/uploads\/2025\/02\/20240530_113451-747x560.jpg 747w, https:\/\/tuwdolinie.pl\/wp-content\/uploads\/2025\/02\/20240530_113451-2000x1500.jpg 2000w\" sizes=\"auto, (max-width: 1024px) 100vw, 1024px\" \/><\/figure>\n<\/figure>\n\n\n\n<ul class=\"wp-block-list\">\n<li><strong>Wodospady na potoku Wo\u0142osiec i jego dop\u0142ywach<\/strong><br>Id\u0105c za przysi\u00f3\u0142ek Dragasz\u00f3w dochodzi si\u0119 do drogi le\u015bnej, wzd\u0142u\u017c kt\u00f3rej p\u0142ynie potok Wo\u0142osiec. Na potoku i jego dop\u0142ywach znajduj\u0105 si\u0119 malownicze grupy ska\u0142 i wodospady.<\/li>\n<\/ul>\n\n\n\n<figure class=\"wp-block-gallery has-nested-images columns-default is-cropped wp-block-gallery-2 is-layout-flex wp-block-gallery-is-layout-flex\">\n<figure class=\"wp-block-image size-large\"><img loading=\"lazy\" decoding=\"async\" width=\"1024\" height=\"768\" data-id=\"135\" src=\"https:\/\/tuwdolinie.pl\/wp-content\/uploads\/2025\/02\/20240626_103227-1024x768.jpg\" alt=\"\" class=\"wp-image-135\" srcset=\"https:\/\/tuwdolinie.pl\/wp-content\/uploads\/2025\/02\/20240626_103227-1024x768.jpg 1024w, https:\/\/tuwdolinie.pl\/wp-content\/uploads\/2025\/02\/20240626_103227-300x225.jpg 300w, https:\/\/tuwdolinie.pl\/wp-content\/uploads\/2025\/02\/20240626_103227-768x576.jpg 768w, https:\/\/tuwdolinie.pl\/wp-content\/uploads\/2025\/02\/20240626_103227-1536x1152.jpg 1536w, https:\/\/tuwdolinie.pl\/wp-content\/uploads\/2025\/02\/20240626_103227-2048x1536.jpg 2048w, https:\/\/tuwdolinie.pl\/wp-content\/uploads\/2025\/02\/20240626_103227-747x560.jpg 747w, https:\/\/tuwdolinie.pl\/wp-content\/uploads\/2025\/02\/20240626_103227-2000x1500.jpg 2000w\" sizes=\"auto, (max-width: 1024px) 100vw, 1024px\" \/><\/figure>\n\n\n\n<figure class=\"wp-block-image size-large\"><img loading=\"lazy\" decoding=\"async\" width=\"768\" height=\"1024\" data-id=\"133\" src=\"https:\/\/tuwdolinie.pl\/wp-content\/uploads\/2025\/02\/20240626_104737-768x1024.jpg\" alt=\"\" class=\"wp-image-133\" srcset=\"https:\/\/tuwdolinie.pl\/wp-content\/uploads\/2025\/02\/20240626_104737-768x1024.jpg 768w, https:\/\/tuwdolinie.pl\/wp-content\/uploads\/2025\/02\/20240626_104737-225x300.jpg 225w, https:\/\/tuwdolinie.pl\/wp-content\/uploads\/2025\/02\/20240626_104737-1152x1536.jpg 1152w, https:\/\/tuwdolinie.pl\/wp-content\/uploads\/2025\/02\/20240626_104737-1536x2048.jpg 1536w, https:\/\/tuwdolinie.pl\/wp-content\/uploads\/2025\/02\/20240626_104737-420x560.jpg 420w, https:\/\/tuwdolinie.pl\/wp-content\/uploads\/2025\/02\/20240626_104737-2000x2667.jpg 2000w, https:\/\/tuwdolinie.pl\/wp-content\/uploads\/2025\/02\/20240626_104737-scaled.jpg 1920w\" sizes=\"auto, (max-width: 768px) 100vw, 768px\" \/><\/figure>\n<\/figure>\n\n\n\n<ul class=\"wp-block-list\">\n<li><strong>Zabytkowy mostek z 1915 r. i cmentarze wojenne<\/strong><br>Id\u0105c drog\u0105 do Ropicy G\u00f3rnej znale\u017a\u0107 mo\u017cna zabytkowy cmentarz z I wojny \u015bwiatowej: cmentarz nr 67 &#8211; Ropica Ruska. Kolejny cmentarz znajduje si\u0119 za drog\u0105 krajow\u0105 nr 977 Gorlice-Konieczna: cmentarz nr 68 &#8211; Ropica Ruska (G\u00f3rna). Prowadzi do niego zabytkowy mostek nad Potokiem Ma\u0142astowskim. Mostek zbudowali Austriacy w 1915 r. po Operacji Gorlickiej.<\/li>\n<\/ul>\n\n\n\n<figure class=\"wp-block-gallery has-nested-images columns-default is-cropped wp-block-gallery-3 is-layout-flex wp-block-gallery-is-layout-flex\">\n<figure class=\"wp-block-image size-large\"><img loading=\"lazy\" decoding=\"async\" width=\"768\" height=\"1024\" data-id=\"136\" src=\"https:\/\/tuwdolinie.pl\/wp-content\/uploads\/2025\/02\/20240629_174219-768x1024.jpg\" alt=\"\" class=\"wp-image-136\" srcset=\"https:\/\/tuwdolinie.pl\/wp-content\/uploads\/2025\/02\/20240629_174219-768x1024.jpg 768w, https:\/\/tuwdolinie.pl\/wp-content\/uploads\/2025\/02\/20240629_174219-225x300.jpg 225w, https:\/\/tuwdolinie.pl\/wp-content\/uploads\/2025\/02\/20240629_174219-1152x1536.jpg 1152w, https:\/\/tuwdolinie.pl\/wp-content\/uploads\/2025\/02\/20240629_174219-1536x2048.jpg 1536w, https:\/\/tuwdolinie.pl\/wp-content\/uploads\/2025\/02\/20240629_174219-420x560.jpg 420w, https:\/\/tuwdolinie.pl\/wp-content\/uploads\/2025\/02\/20240629_174219-2000x2667.jpg 2000w, https:\/\/tuwdolinie.pl\/wp-content\/uploads\/2025\/02\/20240629_174219-scaled.jpg 1920w\" sizes=\"auto, (max-width: 768px) 100vw, 768px\" \/><\/figure>\n\n\n\n<figure class=\"wp-block-image size-large\"><img loading=\"lazy\" decoding=\"async\" width=\"1024\" height=\"768\" data-id=\"137\" src=\"https:\/\/tuwdolinie.pl\/wp-content\/uploads\/2025\/02\/20240629_174455-1024x768.jpg\" alt=\"\" class=\"wp-image-137\" srcset=\"https:\/\/tuwdolinie.pl\/wp-content\/uploads\/2025\/02\/20240629_174455-1024x768.jpg 1024w, https:\/\/tuwdolinie.pl\/wp-content\/uploads\/2025\/02\/20240629_174455-300x225.jpg 300w, https:\/\/tuwdolinie.pl\/wp-content\/uploads\/2025\/02\/20240629_174455-768x576.jpg 768w, https:\/\/tuwdolinie.pl\/wp-content\/uploads\/2025\/02\/20240629_174455-1536x1152.jpg 1536w, https:\/\/tuwdolinie.pl\/wp-content\/uploads\/2025\/02\/20240629_174455-2048x1536.jpg 2048w, https:\/\/tuwdolinie.pl\/wp-content\/uploads\/2025\/02\/20240629_174455-747x560.jpg 747w, https:\/\/tuwdolinie.pl\/wp-content\/uploads\/2025\/02\/20240629_174455-2000x1500.jpg 2000w\" sizes=\"auto, (max-width: 1024px) 100vw, 1024px\" \/><\/figure>\n<\/figure>\n\n\n\n<h2 class=\"wp-block-heading\">Autem, blisko<\/h2>\n\n\n\n<ul class=\"wp-block-list\">\n<li><strong>Rezerwat skalny &#8220;Kornuty&#8221;<\/strong><br>W 10 minut drogi (7 km) dojecha\u0107 mo\u017cna autem do pocz\u0105tku szlaku \u017c\u00f3\u0142tego, kt\u00f3ry biegnie w kierunku rezerwatu przyrody nieo\u017cywionej &#8220;Kornuty&#8221;. To najstarszy rezerwat w Beskidzie Niskim, kt\u00f3ry chroni malownicz\u0105 grup\u0119 ska\u0142 wyrastaj\u0105c\u0105 po\u015br\u00f3d  pi\u0119knego bukowego lasu. W rezerwacie &#8220;Kornuty&#8221; opr\u00f3cz wielu malowniczo uformowanych ska\u0142 znajduj\u0105 si\u0119 te\u017c jaskinie, spo\u015br\u00f3d kt\u00f3rych jedn\u0105 z wi\u0119kszych jest Jaskinia Mroczna, o d\u0142ugo\u015bci prawie 175m. <br><\/li>\n\n\n\n<li><strong>Magura Ma\u0142astowska<\/strong><br>W 11 minut (9 km) dojedziemy do Prze\u0142\u0119czy Ma\u0142astowskiej, sk\u0105d biegnie najkr\u00f3tszy szlak na Magur\u0119 Ma\u0142astowsk\u0105 (814 m n.p.m.), najwy\u017cszy szczyt w okolicy. Pod\u0105\u017caj\u0105c za niebieskim szlakiem, w 40 minut dojdziemy na sam szczyt. Po drodze mijamy obecnie nieczynne schronisko g\u00f3rskie oraz plac zabaw po\u0142o\u017cony w samym \u015brodku lasu, przy g\u00f3rnej stacji kolejki krzese\u0142kowej. Poni\u017cej szczytu znajduje si\u0119 cmentarz wojenny nr 58, na kt\u00f3rym spoczywa 137 \u017co\u0142nierzy poleg\u0142ych podczas krwawych walk I wojny \u015bwiatowej. Kolejny cmentarz (nr 60) odwiedzi\u0107 mo\u017cna na samej Prze\u0142\u0119czy Ma\u0142astowskiej. Spoczywa tutaj 176 \u017co\u0142nierzy armii austro-w\u0119gierskiej.<br><\/li>\n<\/ul>\n\n\n\n<figure class=\"wp-block-gallery has-nested-images columns-default is-cropped wp-block-gallery-4 is-layout-flex wp-block-gallery-is-layout-flex\">\n<figure class=\"wp-block-image size-large\"><img loading=\"lazy\" decoding=\"async\" width=\"768\" height=\"1024\" data-id=\"148\" src=\"https:\/\/tuwdolinie.pl\/wp-content\/uploads\/2025\/02\/20240901_101533-1-768x1024.jpg\" alt=\"\" class=\"wp-image-148\" srcset=\"https:\/\/tuwdolinie.pl\/wp-content\/uploads\/2025\/02\/20240901_101533-1-768x1024.jpg 768w, https:\/\/tuwdolinie.pl\/wp-content\/uploads\/2025\/02\/20240901_101533-1-225x300.jpg 225w, https:\/\/tuwdolinie.pl\/wp-content\/uploads\/2025\/02\/20240901_101533-1-1152x1536.jpg 1152w, https:\/\/tuwdolinie.pl\/wp-content\/uploads\/2025\/02\/20240901_101533-1-1536x2048.jpg 1536w, https:\/\/tuwdolinie.pl\/wp-content\/uploads\/2025\/02\/20240901_101533-1-420x560.jpg 420w, https:\/\/tuwdolinie.pl\/wp-content\/uploads\/2025\/02\/20240901_101533-1-2000x2667.jpg 2000w, https:\/\/tuwdolinie.pl\/wp-content\/uploads\/2025\/02\/20240901_101533-1-scaled.jpg 1920w\" sizes=\"auto, (max-width: 768px) 100vw, 768px\" \/><\/figure>\n\n\n\n<figure class=\"wp-block-image size-large\"><img loading=\"lazy\" decoding=\"async\" width=\"1024\" height=\"768\" data-id=\"144\" src=\"http:\/\/tuwdolinie.pl\/wp-content\/uploads\/2025\/02\/20240901_094333-1024x768.jpg\" alt=\"\" class=\"wp-image-144\" srcset=\"https:\/\/tuwdolinie.pl\/wp-content\/uploads\/2025\/02\/20240901_094333-1024x768.jpg 1024w, https:\/\/tuwdolinie.pl\/wp-content\/uploads\/2025\/02\/20240901_094333-300x225.jpg 300w, https:\/\/tuwdolinie.pl\/wp-content\/uploads\/2025\/02\/20240901_094333-768x576.jpg 768w, https:\/\/tuwdolinie.pl\/wp-content\/uploads\/2025\/02\/20240901_094333-1536x1152.jpg 1536w, https:\/\/tuwdolinie.pl\/wp-content\/uploads\/2025\/02\/20240901_094333-2048x1536.jpg 2048w, https:\/\/tuwdolinie.pl\/wp-content\/uploads\/2025\/02\/20240901_094333-747x560.jpg 747w, https:\/\/tuwdolinie.pl\/wp-content\/uploads\/2025\/02\/20240901_094333-2000x1500.jpg 2000w\" sizes=\"auto, (max-width: 1024px) 100vw, 1024px\" \/><\/figure>\n\n\n\n<figure class=\"wp-block-image size-large\"><img loading=\"lazy\" decoding=\"async\" width=\"1024\" height=\"768\" data-id=\"145\" src=\"https:\/\/tuwdolinie.pl\/wp-content\/uploads\/2025\/02\/20240901_100738-1024x768.jpg\" alt=\"\" class=\"wp-image-145\" srcset=\"https:\/\/tuwdolinie.pl\/wp-content\/uploads\/2025\/02\/20240901_100738-1024x768.jpg 1024w, https:\/\/tuwdolinie.pl\/wp-content\/uploads\/2025\/02\/20240901_100738-300x225.jpg 300w, https:\/\/tuwdolinie.pl\/wp-content\/uploads\/2025\/02\/20240901_100738-768x576.jpg 768w, https:\/\/tuwdolinie.pl\/wp-content\/uploads\/2025\/02\/20240901_100738-1536x1152.jpg 1536w, https:\/\/tuwdolinie.pl\/wp-content\/uploads\/2025\/02\/20240901_100738-2048x1536.jpg 2048w, https:\/\/tuwdolinie.pl\/wp-content\/uploads\/2025\/02\/20240901_100738-747x560.jpg 747w, https:\/\/tuwdolinie.pl\/wp-content\/uploads\/2025\/02\/20240901_100738-2000x1500.jpg 2000w\" sizes=\"auto, (max-width: 1024px) 100vw, 1024px\" \/><\/figure>\n<\/figure>\n\n\n\n<ul class=\"wp-block-list\">\n<li><strong>\u015acie\u017cka Przyrodniczo-Kulturowa \u015awierzowa Ruska<\/strong><br>To 4 km \u015bcie\u017cka poprowadzona wzd\u0142u\u017c potoku \u015awie\u017c\u00f3wka, na terenie nieistniej\u0105cej ju\u017c \u0142emkowskiej wsi \u015awierzowa Ruska. Trasa jest niewymagaj\u0105ca i mo\u017cna j\u0105 przej\u015b\u0107 w 2 godziny. \u015acie\u017cka ma 8 przystank\u00f3w i mo\u017cna na niej pozna\u0107 histori\u0119 wsi, kultur\u0119 \u0141emk\u00f3w oraz otaczaj\u0105c\u0105 przyrod\u0119. Do \u015bcie\u017cki mo\u017cna doj\u015b\u0107 \u017c\u00f3\u0142tym szlakiem z miejscowo\u015bci Bartne (15 min autem). W Bartnem przecina si\u0119 kilka oznakowanych szlak\u00f3w pieszych i jest to dobra baza wypadowa na dalsze wycieczki, podczas kt\u00f3rych mo\u017cna odpocz\u0105\u0107 w Bac\u00f3wce PTTK, jednym z trzech schronisk PTTK w Beskidzie Niskim.<\/li>\n<\/ul>\n\n\n\n<ul class=\"wp-block-list\">\n<li><strong>Wie\u017ca widokowa na \u0141ysuli<\/strong><br>W 2024 roku na w pe\u0142ni zalesionym szczycie \u0141ysuli otwarto now\u0105 wie\u017c\u0119 widokow\u0105. Wie\u017ca ma 32 metry wysoko\u015bci i przy dobrej pogodzie, mo\u017cna z niej obserwowa\u0107 nawet Tatry. Atrakcja cieszy si\u0119 bardzo du\u017c\u0105 popularno\u015bci\u0105, bo z samej g\u00f3ry, zar\u00f3wno dzieci, jak i doro\u015bli zjecha\u0107 mog\u0105 54 metrow\u0105 zje\u017cd\u017calni\u0105. Na \u0141ysul\u0119 doj\u015b\u0107 mo\u017cna w 20 minut zielonym szlakiem z Dominikowic lub w godzin\u0119 z M\u0119ciny Wielkiej. Dojazd z domk\u00f3w zajmie maksymalnie 20 minut.<\/li>\n<\/ul>\n\n\n\n<figure class=\"wp-block-gallery has-nested-images columns-default is-cropped wp-block-gallery-5 is-layout-flex wp-block-gallery-is-layout-flex\">\n<figure class=\"wp-block-image size-large\"><img loading=\"lazy\" decoding=\"async\" width=\"1024\" height=\"433\" data-id=\"149\" src=\"https:\/\/tuwdolinie.pl\/wp-content\/uploads\/2025\/02\/20240802_121808-1024x433.jpg\" alt=\"\" class=\"wp-image-149\" srcset=\"https:\/\/tuwdolinie.pl\/wp-content\/uploads\/2025\/02\/20240802_121808-1024x433.jpg 1024w, https:\/\/tuwdolinie.pl\/wp-content\/uploads\/2025\/02\/20240802_121808-300x127.jpg 300w, https:\/\/tuwdolinie.pl\/wp-content\/uploads\/2025\/02\/20240802_121808-768x325.jpg 768w, https:\/\/tuwdolinie.pl\/wp-content\/uploads\/2025\/02\/20240802_121808-1536x650.jpg 1536w\" sizes=\"auto, (max-width: 1024px) 100vw, 1024px\" \/><\/figure>\n\n\n\n<figure class=\"wp-block-image size-large\"><img loading=\"lazy\" decoding=\"async\" width=\"768\" height=\"1024\" data-id=\"150\" src=\"https:\/\/tuwdolinie.pl\/wp-content\/uploads\/2025\/02\/20240802_123002-768x1024.jpg\" alt=\"\" class=\"wp-image-150\" srcset=\"https:\/\/tuwdolinie.pl\/wp-content\/uploads\/2025\/02\/20240802_123002-768x1024.jpg 768w, https:\/\/tuwdolinie.pl\/wp-content\/uploads\/2025\/02\/20240802_123002-225x300.jpg 225w, https:\/\/tuwdolinie.pl\/wp-content\/uploads\/2025\/02\/20240802_123002-1152x1536.jpg 1152w, https:\/\/tuwdolinie.pl\/wp-content\/uploads\/2025\/02\/20240802_123002-1536x2048.jpg 1536w, https:\/\/tuwdolinie.pl\/wp-content\/uploads\/2025\/02\/20240802_123002-420x560.jpg 420w, https:\/\/tuwdolinie.pl\/wp-content\/uploads\/2025\/02\/20240802_123002-2000x2667.jpg 2000w, https:\/\/tuwdolinie.pl\/wp-content\/uploads\/2025\/02\/20240802_123002-scaled.jpg 1920w\" sizes=\"auto, (max-width: 768px) 100vw, 768px\" \/><\/figure>\n<\/figure>\n\n\n\n<ul class=\"wp-block-list\">\n<li><strong>Wie\u017ca widokowa na Ferdlu<\/strong><br>Kolejna wie\u017ca widokowa znajduje si\u0119 na Ferdlu, szczycie g\u00f3ruj\u0105cym nad najmniejszym uzdrowiskiem w Polsce &#8211; Wapiennem. Z Wapiennego na Ferdel prowadz\u0105 dwa szlaki: zielony i czarny, wi\u0119c ca\u0142y spacer mo\u017cna z\u0142o\u017cy\u0107 w dwugodzinn\u0105 p\u0119tl\u0119. Cz\u0119\u015b\u0107 szlaku biegnie \u015bcie\u017ck\u0105 przyrodnicz\u0105 &#8220;Buczynowa&#8221;, z tablicami, z kt\u00f3rych najm\u0142odsi piechurzy poznaj\u0105 buczyn\u0119 karpack\u0105 i dominuj\u0105ce w drzewostanie buki. W samym Wapiennem mo\u017cna odwiedzi\u0107 pijalni\u0119 w\u00f3d, zrelaksowa\u0107 si\u0119 przy niewielkiej t\u0119\u017cni solankowej oraz zje\u015b\u0107 dobry obiad w &#8220;Pierogarni Pod Ferdlem&#8221;. W lecie dzia\u0142a tutaj tak\u017ce basen zewn\u0119trzny. Dojazd na miejsce zajmie 20 minut.<\/li>\n<\/ul>\n\n\n\n<figure class=\"wp-block-gallery has-nested-images columns-default is-cropped wp-block-gallery-6 is-layout-flex wp-block-gallery-is-layout-flex\">\n<figure class=\"wp-block-image size-large\"><img loading=\"lazy\" decoding=\"async\" width=\"1024\" height=\"516\" data-id=\"139\" src=\"https:\/\/tuwdolinie.pl\/wp-content\/uploads\/2025\/02\/20240725_114751-1024x516.jpg\" alt=\"\" class=\"wp-image-139\" srcset=\"https:\/\/tuwdolinie.pl\/wp-content\/uploads\/2025\/02\/20240725_114751-1024x516.jpg 1024w, https:\/\/tuwdolinie.pl\/wp-content\/uploads\/2025\/02\/20240725_114751-300x151.jpg 300w, https:\/\/tuwdolinie.pl\/wp-content\/uploads\/2025\/02\/20240725_114751-768x387.jpg 768w, https:\/\/tuwdolinie.pl\/wp-content\/uploads\/2025\/02\/20240725_114751-1536x775.jpg 1536w, https:\/\/tuwdolinie.pl\/wp-content\/uploads\/2025\/02\/20240725_114751-2048x1033.jpg 2048w, https:\/\/tuwdolinie.pl\/wp-content\/uploads\/2025\/02\/20240725_114751-1110x560.jpg 1110w, https:\/\/tuwdolinie.pl\/wp-content\/uploads\/2025\/02\/20240725_114751-2000x1009.jpg 2000w\" sizes=\"auto, (max-width: 1024px) 100vw, 1024px\" \/><\/figure>\n\n\n\n<figure class=\"wp-block-image size-large\"><img loading=\"lazy\" decoding=\"async\" width=\"768\" height=\"1024\" data-id=\"138\" src=\"https:\/\/tuwdolinie.pl\/wp-content\/uploads\/2025\/02\/20240725_114022-768x1024.jpg\" alt=\"\" class=\"wp-image-138\" srcset=\"https:\/\/tuwdolinie.pl\/wp-content\/uploads\/2025\/02\/20240725_114022-768x1024.jpg 768w, https:\/\/tuwdolinie.pl\/wp-content\/uploads\/2025\/02\/20240725_114022-225x300.jpg 225w, https:\/\/tuwdolinie.pl\/wp-content\/uploads\/2025\/02\/20240725_114022-1152x1536.jpg 1152w, https:\/\/tuwdolinie.pl\/wp-content\/uploads\/2025\/02\/20240725_114022-1536x2048.jpg 1536w, https:\/\/tuwdolinie.pl\/wp-content\/uploads\/2025\/02\/20240725_114022-420x560.jpg 420w, https:\/\/tuwdolinie.pl\/wp-content\/uploads\/2025\/02\/20240725_114022-2000x2667.jpg 2000w, https:\/\/tuwdolinie.pl\/wp-content\/uploads\/2025\/02\/20240725_114022-scaled.jpg 1920w\" sizes=\"auto, (max-width: 768px) 100vw, 768px\" \/><\/figure>\n<\/figure>\n","protected":false},"excerpt":{"rendered":"<p>Na piechot\u0119 Autem, blisko<\/p>\n","protected":false},"author":1,"featured_media":0,"parent":0,"menu_order":0,"comment_status":"closed","ping_status":"closed","template":"","meta":{"_themeisle_gutenberg_block_has_review":false,"footnotes":""},"class_list":["post-14","page","type-page","status-publish","hentry"],"_links":{"self":[{"href":"https:\/\/tuwdolinie.pl\/index.php\/wp-json\/wp\/v2\/pages\/14","targetHints":{"allow":["GET"]}}],"collection":[{"href":"https:\/\/tuwdolinie.pl\/index.php\/wp-json\/wp\/v2\/pages"}],"about":[{"href":"https:\/\/tuwdolinie.pl\/index.php\/wp-json\/wp\/v2\/types\/page"}],"author":[{"embeddable":true,"href":"https:\/\/tuwdolinie.pl\/index.php\/wp-json\/wp\/v2\/users\/1"}],"replies":[{"embeddable":true,"href":"https:\/\/tuwdolinie.pl\/index.php\/wp-json\/wp\/v2\/comments?post=14"}],"version-history":[{"count":16,"href":"https:\/\/tuwdolinie.pl\/index.php\/wp-json\/wp\/v2\/pages\/14\/revisions"}],"predecessor-version":[{"id":307,"href":"https:\/\/tuwdolinie.pl\/index.php\/wp-json\/wp\/v2\/pages\/14\/revisions\/307"}],"wp:attachment":[{"href":"https:\/\/tuwdolinie.pl\/index.php\/wp-json\/wp\/v2\/media?parent=14"}],"curies":[{"name":"wp","href":"https:\/\/api.w.org\/{rel}","templated":true}]}}