{"id":15,"date":"2024-10-10T17:27:09","date_gmt":"2024-10-10T17:27:09","guid":{"rendered":"https:\/\/tuwdolinie.pl\/?page_id=15"},"modified":"2025-09-10T10:47:36","modified_gmt":"2025-09-10T10:47:36","slug":"zasady-pobytu","status":"publish","type":"page","link":"https:\/\/tuwdolinie.pl\/index.php\/zasady-pobytu\/","title":{"rendered":"ZASADY POBYTU"},"content":{"rendered":"\n<ol class=\"wp-block-list\">\n<li>Przyjazd mo\u017cliwy jest od godziny 15.00, wymeldowanie do godziny 11.<\/li>\n\n\n\n<li>Cisza nocna obowi\u0105zuje w godzinach 21.00-7.00.<\/li>\n\n\n\n<li>Zadatek w wysoko\u015bci 20% ceny ca\u0142ego pobytu nale\u017cy wp\u0142aci\u0107 do 4 dni od dokonania rezerwacji. W przypadku rezygnacji z pobytu zadatek nie podlega zwrotowi. <strong>Niewp\u0142acenie zadatku anuluje Twoj\u0105 rezerwacj\u0119<\/strong>. <\/li>\n\n\n\n<li>W przypadku odwo\u0142ania rezerwacji z min. 2 tygodniowym wyprzedzeniem mo\u017cemy zaoferowa\u0107 Pa\u0144stwu inny termin. <\/li>\n\n\n\n<li>W przypadku skr\u00f3cenia pobytu nie z naszej winy p\u0142atno\u015b\u0107 za domek nie podlega zwrotowi.<\/li>\n\n\n\n<li>Obowi\u0105zuje bezwzgl\u0119dny zakaz palenia papieros\u00f3w, e-papieros\u00f3w oraz wszelkich wyrob\u00f3w tytoniowych w domkach i w najbli\u017cszym otoczeniu.<\/li>\n\n\n\n<li>W domkach zabrania si\u0119 u\u017cywania otwartego ognia.<\/li>\n\n\n\n<li>Gospodarze nie ponosz\u0105 odpowiedzialno\u015bci za mienie go\u015bci \u2013 prosz\u0119 u\u017cywa\u0107 klucza.<\/li>\n\n\n\n<li>Parking jest niestrze\u017cony \u2013 gospodarze nie ponosz\u0105 odpowiedzialno\u015bci za pojazdy oraz znajduj\u0105ce si\u0119<br>w nich przedmioty.<\/li>\n\n\n\n<li>Go\u015bcie ponosz\u0105 wszelk\u0105 odpowiedzialno\u015b\u0107 materialn\u0105 za uszkodzenia i zniszczenia wyposa\u017cenia.<\/li>\n\n\n\n<li>Opiekunowie ponosz\u0105 wszelk\u0105 odpowiedzialno\u015b\u0107 za bezpiecze\u0144stwo dzieci.<\/li>\n\n\n\n<li>Wszelkie uwagi co do stanu technicznego oraz powsta\u0142ych szk\u00f3d powinny by\u0107 niezw\u0142ocznie zg\u0142oszone gospodarzom.<\/li>\n\n\n\n<li>W domkach mog\u0105 przebywa\u0107 <strong>wy\u0142\u0105cznie Go\u015bcie<\/strong>. O ewentualnych osobach odwiedzaj\u0105cych nale\u017cy ka\u017cdorazowo poinformowa\u0107 gospodarzy.<\/li>\n\n\n\n<li>Ognisko mo\u017cna pali\u0107 tylko w wyznaczonym miejscu i tylko pod nadzorem os\u00f3b doros\u0142ych. Po zako\u0144czeniu ogniska nale\u017cy zala\u0107 je wod\u0105.<\/li>\n\n\n\n<li>Pobyt Go\u015bci ze zwierz\u0119tami musi by\u0107 wcze\u015bniej ustalony z gospodarzami. Ze wzgl\u0119du na blisko\u015b\u0107 zwierz\u0105t gospodarskich i dzikich psy musz\u0105 by\u0107 wyprowadzane na smyczy.<\/li>\n\n\n\n<li><strong>Dop\u0142ata za ka\u017cdego psa\/kota to 10z\u0142\/dob\u0119<\/strong>.<\/li>\n\n\n\n<li>\u0141adowanie aut elektrycznych\/hybrydowych odbywa si\u0119 tylko za wiedz\u0105 i zgod\u0105 gospodarzy, <strong>za dodatkow\u0105 op\u0142at\u0105<\/strong>.<\/li>\n<\/ol>\n\n\n\n<h2 class=\"wp-block-heading\">UWAGI OG\u00d3LNE<\/h2>\n\n\n\n<ul class=\"wp-block-list\">\n<li>Woda w kranie pochodzi ze studni g\u0142\u0119binowej, ma du\u017co sk\u0142adnik\u00f3w mineralnych i jest pozbawiona zanieczyszcze\u0144 bakteriologicznych, natomiast ma specyficzny zapach (jeste\u015bmy w odleg\u0142o\u015bci 4km od uzdrowiska z leczniczymi wodami siarczkowymi). Nadaje si\u0119 do bezpo\u015bredniego spo\u017cycia.<\/li>\n\n\n\n<li>W domkach i okolicy nie ma zasi\u0119gu telefonii kom\u00f3rkowej, do dzwonienia mo\u017cna u\u017cywa\u0107 WiFi.<\/li>\n\n\n\n<li><strong>Do dyspozycji Go\u015bci nieodp\u0142atnie udost\u0119pniamy: nosid\u0142o ergonomiczne i nosid\u0142o turystyczne dla dziecka, sanki dzieci\u0119ce, w\u00f3zek turystyczny, przyczepki rowerowe jedno- <\/strong><strong>i dwuosobow\u0105. Prosz\u0119 o kontakt: 505-549-496<\/strong><\/li>\n<\/ul>\n","protected":false},"excerpt":{"rendered":"<p>UWAGI OG\u00d3LNE<\/p>\n","protected":false},"author":1,"featured_media":0,"parent":0,"menu_order":0,"comment_status":"closed","ping_status":"closed","template":"","meta":{"_themeisle_gutenberg_block_has_review":false,"footnotes":""},"class_list":["post-15","page","type-page","status-publish","hentry"],"_links":{"self":[{"href":"https:\/\/tuwdolinie.pl\/index.php\/wp-json\/wp\/v2\/pages\/15","targetHints":{"allow":["GET"]}}],"collection":[{"href":"https:\/\/tuwdolinie.pl\/index.php\/wp-json\/wp\/v2\/pages"}],"about":[{"href":"https:\/\/tuwdolinie.pl\/index.php\/wp-json\/wp\/v2\/types\/page"}],"author":[{"embeddable":true,"href":"https:\/\/tuwdolinie.pl\/index.php\/wp-json\/wp\/v2\/users\/1"}],"replies":[{"embeddable":true,"href":"https:\/\/tuwdolinie.pl\/index.php\/wp-json\/wp\/v2\/comments?post=15"}],"version-history":[{"count":9,"href":"https:\/\/tuwdolinie.pl\/index.php\/wp-json\/wp\/v2\/pages\/15\/revisions"}],"predecessor-version":[{"id":302,"href":"https:\/\/tuwdolinie.pl\/index.php\/wp-json\/wp\/v2\/pages\/15\/revisions\/302"}],"wp:attachment":[{"href":"https:\/\/tuwdolinie.pl\/index.php\/wp-json\/wp\/v2\/media?parent=15"}],"curies":[{"name":"wp","href":"https:\/\/api.w.org\/{rel}","templated":true}]}}