{"id":16,"date":"2024-10-10T17:27:09","date_gmt":"2024-10-10T17:27:09","guid":{"rendered":"https:\/\/tuwdolinie.pl\/?page_id=16"},"modified":"2026-03-09T16:07:02","modified_gmt":"2026-03-09T16:07:02","slug":"cennik","status":"publish","type":"page","link":"https:\/\/tuwdolinie.pl\/index.php\/cennik\/","title":{"rendered":"CENNIK"},"content":{"rendered":"\n<p><strong>SEZON NISKI<\/strong><br>MARZEC-MAJ, PA\u0179DZIERNIK-GRUDZIE\u0143<br>w tygodniu 250Z\u0141\/DOBA\/2 OSOBY<br>weekendy 300Z\u0141\/DOBA\/2 OSOBY<br>+50z\u0142 dodatkowa osoba doros\u0142a<br>+40z\u0142 dziecko do lat 10<br>dzieci do lat 3 bezp\u0142atnie<\/p>\n\n\n\n<p><strong>SEZON WYSOKI<\/strong><br>CZERWIEC-WRZESIE\u0143, STYCZE\u0143-LUTY<br>300Z\u0141\/DOBA\/2 OSOBY<br>+50z\u0142 dodatkowa osoba doros\u0142a<br>+40z\u0142 dziecko do lat 10<br>dzieci do lat 3 bezp\u0142atnie<\/p>\n\n\n\n<p><strong>\u015aWI\u0118TA I &#8220;D\u0141UGIE WEEKENDY&#8221;<\/strong> &#8211; pobyt wyceniamy indywidualnie w zale\u017cno\u015bci od ilo\u015bci os\u00f3b i d\u0142ugo\u015bci pobytu<\/p>\n\n\n\n<p>pieski za dop\u0142at\u0105 10z\u0142\/dob\u0119<\/p>\n\n\n\n<p><strong>RABAT 10% NA REZERWACJE POWY\u017bEJ 6 NOCY<\/strong><\/p>\n\n\n\n<p><\/p>\n","protected":false},"excerpt":{"rendered":"<p>SEZON NISKIMARZEC-MAJ, PA\u0179DZIERNIK-GRUDZIE\u0143w tygodniu 250Z\u0141\/DOBA\/2 OSOBYweekendy 300Z\u0141\/DOBA\/2 OSOBY+50z\u0142 dodatkowa osoba doros\u0142a+40z\u0142 dziecko do lat 10dzieci do lat 3 bezp\u0142atnie SEZON WYSOKICZERWIEC-WRZESIE\u0143, STYCZE\u0143-LUTY300Z\u0141\/DOBA\/2 OSOBY+50z\u0142 dodatkowa osoba doros\u0142a+40z\u0142 dziecko do lat 10dzieci do lat 3 bezp\u0142atnie \u015aWI\u0118TA I &#8220;D\u0141UGIE WEEKENDY&#8221; &#8211; pobyt wyceniamy indywidualnie w zale\u017cno\u015bci od ilo\u015bci os\u00f3b i d\u0142ugo\u015bci pobytu pieski za dop\u0142at\u0105 10z\u0142\/dob\u0119 RABAT &hellip; <a href=\"https:\/\/tuwdolinie.pl\/index.php\/cennik\/\" class=\"more-link\">Continue reading<span class=\"screen-reader-text\"> &#8220;CENNIK&#8221;<\/span><\/a><\/p>\n","protected":false},"author":1,"featured_media":0,"parent":0,"menu_order":0,"comment_status":"closed","ping_status":"closed","template":"","meta":{"_themeisle_gutenberg_block_has_review":false,"footnotes":""},"class_list":["post-16","page","type-page","status-publish","hentry"],"_links":{"self":[{"href":"https:\/\/tuwdolinie.pl\/index.php\/wp-json\/wp\/v2\/pages\/16","targetHints":{"allow":["GET"]}}],"collection":[{"href":"https:\/\/tuwdolinie.pl\/index.php\/wp-json\/wp\/v2\/pages"}],"about":[{"href":"https:\/\/tuwdolinie.pl\/index.php\/wp-json\/wp\/v2\/types\/page"}],"author":[{"embeddable":true,"href":"https:\/\/tuwdolinie.pl\/index.php\/wp-json\/wp\/v2\/users\/1"}],"replies":[{"embeddable":true,"href":"https:\/\/tuwdolinie.pl\/index.php\/wp-json\/wp\/v2\/comments?post=16"}],"version-history":[{"count":16,"href":"https:\/\/tuwdolinie.pl\/index.php\/wp-json\/wp\/v2\/pages\/16\/revisions"}],"predecessor-version":[{"id":318,"href":"https:\/\/tuwdolinie.pl\/index.php\/wp-json\/wp\/v2\/pages\/16\/revisions\/318"}],"wp:attachment":[{"href":"https:\/\/tuwdolinie.pl\/index.php\/wp-json\/wp\/v2\/media?parent=16"}],"curies":[{"name":"wp","href":"https:\/\/api.w.org\/{rel}","templated":true}]}}