{"id":2,"date":"2024-10-08T18:05:41","date_gmt":"2024-10-08T18:05:41","guid":{"rendered":"http:\/\/tuwdolinie.pl\/?page_id=2"},"modified":"2025-12-24T06:20:23","modified_gmt":"2025-12-24T06:20:23","slug":"sample-page","status":"publish","type":"page","link":"https:\/\/tuwdolinie.pl\/index.php\/sample-page\/","title":{"rendered":"O DOMKACH"},"content":{"rendered":"\n<p class=\"has-medium-font-size\">Ka\u017cdy domek zosta\u0142 zaprojektowany z my\u015bl\u0105 o maksymalnym komforcie i wygodzie naszych Go\u015bci. Na parterze znajduje si\u0119 przytulny przedpok\u00f3j, przestronny salon z dwuosobow\u0105 sof\u0105, du\u017cym sto\u0142em jadalnianym oraz klimatycznym kominkiem, kt\u00f3ry tworzy wyj\u0105tkow\u0105 atmosfer\u0119 o ka\u017cdej porze roku. Do dyspozycji Go\u015bci jest r\u00f3wnie\u017c w pe\u0142ni wyposa\u017cona kuchnia oraz komfortowa \u0142azienka.<\/p>\n\n\n\n<p class=\"has-medium-font-size\">Z salonu drewniane schody prowadz\u0105 na antresol\u0119, gdzie mie\u015bci si\u0119 sypialnia z jednym du\u017cym \u0142\u00f3\u017ckiem podw\u00f3jnym oraz dwoma \u0142\u00f3\u017ckami pojedynczymi \u2014 idealna przestrze\u0144 do odpoczynku po aktywnym dniu. <\/p>\n\n\n\n<p class=\"has-medium-font-size\">Domki doskonale sprawdz\u0105 si\u0119 zar\u00f3wno dla rodzin (2 osoby doros\u0142e i maksymalnie 4 dzieci), grupy 4\u20135 przyjaci\u00f3\u0142, jak i na romantyczny wyjazd we dwoje. Dodatkowym atutem jest przyjazna polityka wobec czworonog\u00f3w \u2014 pieski s\u0105 u nas mile widziane.<\/p>\n\n\n\n<p><\/p>\n\n\n\n<figure class=\"wp-block-image size-large\"><img loading=\"lazy\" decoding=\"async\" width=\"1024\" height=\"724\" src=\"https:\/\/tuwdolinie.pl\/wp-content\/uploads\/2025\/06\/Internet-1024x724.png\" alt=\"\" class=\"wp-image-296\" srcset=\"https:\/\/tuwdolinie.pl\/wp-content\/uploads\/2025\/06\/Internet-1024x724.png 1024w, https:\/\/tuwdolinie.pl\/wp-content\/uploads\/2025\/06\/Internet-300x212.png 300w, https:\/\/tuwdolinie.pl\/wp-content\/uploads\/2025\/06\/Internet-768x543.png 768w, https:\/\/tuwdolinie.pl\/wp-content\/uploads\/2025\/06\/Internet-1536x1086.png 1536w, https:\/\/tuwdolinie.pl\/wp-content\/uploads\/2025\/06\/Internet-792x560.png 792w, https:\/\/tuwdolinie.pl\/wp-content\/uploads\/2025\/06\/Internet.png 2000w\" sizes=\"auto, (max-width: 1024px) 100vw, 1024px\" \/><\/figure>\n","protected":false},"excerpt":{"rendered":"<p>Ka\u017cdy domek zosta\u0142 zaprojektowany z my\u015bl\u0105 o maksymalnym komforcie i wygodzie naszych Go\u015bci. Na parterze znajduje si\u0119 przytulny przedpok\u00f3j, przestronny salon z dwuosobow\u0105 sof\u0105, du\u017cym sto\u0142em jadalnianym oraz klimatycznym kominkiem, kt\u00f3ry tworzy wyj\u0105tkow\u0105 atmosfer\u0119 o ka\u017cdej porze roku. Do dyspozycji Go\u015bci jest r\u00f3wnie\u017c w pe\u0142ni wyposa\u017cona kuchnia oraz komfortowa \u0142azienka. Z salonu drewniane schody prowadz\u0105 &hellip; <a href=\"https:\/\/tuwdolinie.pl\/index.php\/sample-page\/\" class=\"more-link\">Continue reading<span class=\"screen-reader-text\"> &#8220;O DOMKACH&#8221;<\/span><\/a><\/p>\n","protected":false},"author":1,"featured_media":0,"parent":0,"menu_order":0,"comment_status":"closed","ping_status":"closed","template":"","meta":{"_themeisle_gutenberg_block_has_review":false,"footnotes":""},"class_list":["post-2","page","type-page","status-publish","hentry"],"_links":{"self":[{"href":"https:\/\/tuwdolinie.pl\/index.php\/wp-json\/wp\/v2\/pages\/2","targetHints":{"allow":["GET"]}}],"collection":[{"href":"https:\/\/tuwdolinie.pl\/index.php\/wp-json\/wp\/v2\/pages"}],"about":[{"href":"https:\/\/tuwdolinie.pl\/index.php\/wp-json\/wp\/v2\/types\/page"}],"author":[{"embeddable":true,"href":"https:\/\/tuwdolinie.pl\/index.php\/wp-json\/wp\/v2\/users\/1"}],"replies":[{"embeddable":true,"href":"https:\/\/tuwdolinie.pl\/index.php\/wp-json\/wp\/v2\/comments?post=2"}],"version-history":[{"count":11,"href":"https:\/\/tuwdolinie.pl\/index.php\/wp-json\/wp\/v2\/pages\/2\/revisions"}],"predecessor-version":[{"id":312,"href":"https:\/\/tuwdolinie.pl\/index.php\/wp-json\/wp\/v2\/pages\/2\/revisions\/312"}],"wp:attachment":[{"href":"https:\/\/tuwdolinie.pl\/index.php\/wp-json\/wp\/v2\/media?parent=2"}],"curies":[{"name":"wp","href":"https:\/\/api.w.org\/{rel}","templated":true}]}}