{"id":210,"date":"2025-05-05T10:22:28","date_gmt":"2025-05-05T10:22:28","guid":{"rendered":"https:\/\/tuwdolinie.pl\/?page_id=210"},"modified":"2025-05-05T10:22:29","modified_gmt":"2025-05-05T10:22:29","slug":"polityka-prywatnosci","status":"publish","type":"page","link":"https:\/\/tuwdolinie.pl\/index.php\/polityka-prywatnosci\/","title":{"rendered":"Polityka prywatno\u015bci"},"content":{"rendered":"\n<h2 class=\"wp-block-heading\">1. Informacje og\u00f3lne<\/h2>\n\n\n\n<p>Niniejsza Polityka Prywatno\u015bci okre\u015bla zasady przetwarzania i ochrony danych osobowych pozyskanych za po\u015brednictwem strony internetowej\u00a0tuwdolinie.pl,\u00a0zwanej dalej: \u201e<strong>Stron\u0105 internetow\u0105<\/strong>\u201d).<\/p>\n\n\n\n<p>Kontakt z Administratorem mo\u017cliwy jest pod adresem e-mail: tuwdolinie@gmail.com<\/p>\n\n\n\n<h2 class=\"wp-block-heading\">2. Podstawa prawna przetwarzania danych<\/h2>\n\n\n\n<p>Dane osobowe zbierane przez Administratora za po\u015brednictwem Strony internetowej s\u0105 przetwarzane zgodnie z\u00a0Rozporz\u0105dzeniem Parlamentu Europejskiego i\u00a0Rady (UE) 2016\/679 z\u00a0dnia 27 kwietnia 2016 r. w\u00a0sprawie ochrony os\u00f3b fizycznych w\u00a0zwi\u0105zku z\u00a0przetwarzaniem danych osobowych i\u00a0w sprawie swobodnego przep\u0142ywu takich danych oraz uchylenia dyrektywy 95\/46\/WE (og\u00f3lne rozporz\u0105dzenie o\u00a0ochronie danych), zwane r\u00f3wnie\u017c\u00a0<strong>RODO<\/strong>.<\/p>\n\n\n\n<h2 class=\"wp-block-heading\">3. Zakres przetwarzanych danych<\/h2>\n\n\n\n<p>Administrator mo\u017ce przetwarza\u0107 nast\u0119puj\u0105ce dane osobowe:<\/p>\n\n\n\n<ul class=\"wp-block-list\">\n<li>imi\u0119 i nazwisko,<\/li>\n\n\n\n<li>adres e-mail,<\/li>\n\n\n\n<li>numer telefonu,<\/li>\n\n\n\n<li>dane zwi\u0105zane z pobytem (np. termin, liczba os\u00f3b, preferencje).<\/li>\n<\/ul>\n\n\n\n<h2 class=\"wp-block-heading\">4. Cel przetwarzania danych<\/h2>\n\n\n\n<p>Dane osobowe s\u0105 przetwarzane w celu obs\u0142ugi zapyta\u0144 przez formularz kontaktowy. <\/p>\n\n\n\n<p>Podczas korzystania ze Strony internetowej mog\u0105 by\u0107 pobierane dodatkowe informacje, w\u00a0szczeg\u00f3lno\u015bci: adres IP przypisany do komputera Klienta lub zewn\u0119trzny adres IP dostawcy Internetu, nazwa domeny, rodzaj przegl\u0105darki, czas dost\u0119pu, typ systemu operacyjnego.<\/p>\n\n\n\n<p>Od Klient\u00f3w mog\u0105 by\u0107 tak\u017ce gromadzone dane nawigacyjne, w\u00a0tym informacje o\u00a0linkach i\u00a0odno\u015bnikach, w\u00a0kt\u00f3re zdecyduj\u0105 si\u0119 klikn\u0105\u0107 lub innych czynno\u015bciach, podejmowanych na Stronie internetowej.\u00a0<strong>Podstawa prawna<\/strong>\u00a0\u2013 prawnie uzasadniony interes (art. 6 ust. 1 lit. f RODO), polegaj\u0105cy na u\u0142atwieniu korzystania z\u00a0us\u0142ug \u015bwiadczonych drog\u0105 elektroniczn\u0105 oraz na poprawie funkcjonalno\u015bci tych us\u0142ug.<\/p>\n\n\n\n<p>Przekazanie danych osobowych do Administratora jest dobrowolne.<\/p>\n\n\n\n<h2 class=\"wp-block-heading\">5. Udost\u0119pnianie danych<\/h2>\n\n\n\n<p>Dane osobowe mog\u0105 by\u0107 przekazywane:<\/p>\n\n\n\n<ul class=\"wp-block-list\">\n<li>podmiotom przetwarzaj\u0105cym dane na zlecenie Administratora (np. firmom hostingowym, ksi\u0119gowym),<\/li>\n\n\n\n<li>podmiotom uprawnionym na podstawie przepis\u00f3w prawa (np. s\u0105dom, organom \u015bcigania \u2013 tylko gdy istnieje taka konieczno\u015b\u0107).<\/li>\n<\/ul>\n\n\n\n<p><\/p>\n\n\n\n<h2 class=\"wp-block-heading\">6. Czas przechowywania danych<\/h2>\n\n\n\n<p>Dane osobowe b\u0119d\u0105 przechowywane przez okres:<\/p>\n\n\n\n<ul class=\"wp-block-list\">\n<li>niezb\u0119dny do realizacji cel\u00f3w, dla kt\u00f3rych zosta\u0142y zebrane,<\/li>\n\n\n\n<li>wynikaj\u0105cy z przepis\u00f3w prawa,<\/li>\n\n\n\n<li>do momentu cofni\u0119cia zgody lub skutecznego wniesienia sprzeciwu.<\/li>\n<\/ul>\n\n\n\n<h2 class=\"wp-block-heading\">7. Prawa osoby, kt\u00f3rej dane dotycz\u0105<\/h2>\n\n\n\n<p>Ka\u017cda osoba, kt\u00f3rej dane dotycz\u0105, ma prawo do:<\/p>\n\n\n\n<ul class=\"wp-block-list\">\n<li>dost\u0119pu do swoich danych,<\/li>\n\n\n\n<li>ich sprostowania,<\/li>\n\n\n\n<li>usuni\u0119cia (\u201eprawo do bycia zapomnianym\u201d),<\/li>\n\n\n\n<li>ograniczenia przetwarzania,<\/li>\n\n\n\n<li>przenoszenia danych,<\/li>\n\n\n\n<li>wniesienia sprzeciwu,<\/li>\n\n\n\n<li>cofni\u0119cia zgody w dowolnym momencie,<\/li>\n\n\n\n<li>wniesienia skargi do Prezesa Urz\u0119du Ochrony Danych Osobowych.<\/li>\n<\/ul>\n\n\n\n<h2 class=\"wp-block-heading\">8. Dobrowolno\u015b\u0107 podania danych<\/h2>\n\n\n\n<p>Podanie danych osobowych jest dobrowolne, ale niezb\u0119dne do dzia\u0142ania serwisu.<\/p>\n\n\n\n<h2 class=\"wp-block-heading\">9. Hosting<\/h2>\n\n\n\n<p>Serwis jest hostowany (technicznie utrzymywany) na serwera operatora: ovh.com<\/p>\n\n\n\n<h2 class=\"wp-block-heading\">10. Pliki cookies i technologie \u015bledz\u0105ce<\/h2>\n\n\n\n<p>Serwis korzysta z plik\u00f3w cookies w celach:<\/p>\n\n\n\n<ul class=\"wp-block-list\">\n<li>technicznych (prawid\u0142owe dzia\u0142anie strony),<\/li>\n\n\n\n<li>analitycznych (np. Google Analytics),<\/li>\n\n\n\n<li>marketingowych (np. Facebook Pixel, Google Ads).<\/li>\n<\/ul>\n\n\n\n<p>U\u017cytkownik mo\u017ce zmieni\u0107 ustawienia dotycz\u0105ce cookies w swojej przegl\u0105darce internetowej.<\/p>\n\n\n\n<h2 class=\"wp-block-heading\">11. Zmiany w Polityce Prywatno\u015bci<\/h2>\n\n\n\n<p>Zastrzegamy sobie prawo do wprowadzania zmian w niniejszej Polityce Prywatno\u015bci. Zmiany b\u0119d\u0105 publikowane na tej stronie.<\/p>\n\n\n\n<p><\/p>\n","protected":false},"excerpt":{"rendered":"<p>1. Informacje og\u00f3lne Niniejsza Polityka Prywatno\u015bci okre\u015bla zasady przetwarzania i ochrony danych osobowych pozyskanych za po\u015brednictwem strony internetowej\u00a0tuwdolinie.pl,\u00a0zwanej dalej: \u201eStron\u0105 internetow\u0105\u201d). Kontakt z Administratorem mo\u017cliwy jest pod adresem e-mail: tuwdolinie@gmail.com 2. Podstawa prawna przetwarzania danych Dane osobowe zbierane przez Administratora za po\u015brednictwem Strony internetowej s\u0105 przetwarzane zgodnie z\u00a0Rozporz\u0105dzeniem Parlamentu Europejskiego i\u00a0Rady (UE) 2016\/679 z\u00a0dnia 27 &hellip; <a href=\"https:\/\/tuwdolinie.pl\/index.php\/polityka-prywatnosci\/\" class=\"more-link\">Continue reading<span class=\"screen-reader-text\"> &#8220;Polityka prywatno\u015bci&#8221;<\/span><\/a><\/p>\n","protected":false},"author":1,"featured_media":0,"parent":0,"menu_order":0,"comment_status":"closed","ping_status":"closed","template":"","meta":{"_themeisle_gutenberg_block_has_review":false,"footnotes":""},"class_list":["post-210","page","type-page","status-publish","hentry"],"_links":{"self":[{"href":"https:\/\/tuwdolinie.pl\/index.php\/wp-json\/wp\/v2\/pages\/210","targetHints":{"allow":["GET"]}}],"collection":[{"href":"https:\/\/tuwdolinie.pl\/index.php\/wp-json\/wp\/v2\/pages"}],"about":[{"href":"https:\/\/tuwdolinie.pl\/index.php\/wp-json\/wp\/v2\/types\/page"}],"author":[{"embeddable":true,"href":"https:\/\/tuwdolinie.pl\/index.php\/wp-json\/wp\/v2\/users\/1"}],"replies":[{"embeddable":true,"href":"https:\/\/tuwdolinie.pl\/index.php\/wp-json\/wp\/v2\/comments?post=210"}],"version-history":[{"count":1,"href":"https:\/\/tuwdolinie.pl\/index.php\/wp-json\/wp\/v2\/pages\/210\/revisions"}],"predecessor-version":[{"id":211,"href":"https:\/\/tuwdolinie.pl\/index.php\/wp-json\/wp\/v2\/pages\/210\/revisions\/211"}],"wp:attachment":[{"href":"https:\/\/tuwdolinie.pl\/index.php\/wp-json\/wp\/v2\/media?parent=210"}],"curies":[{"name":"wp","href":"https:\/\/api.w.org\/{rel}","templated":true}]}}