{"id":82,"date":"2024-10-10T18:58:02","date_gmt":"2024-10-10T18:58:02","guid":{"rendered":"https:\/\/tuwdolinie.pl\/?page_id=82"},"modified":"2025-02-12T09:21:28","modified_gmt":"2025-02-12T09:21:28","slug":"dojazd","status":"publish","type":"page","link":"https:\/\/tuwdolinie.pl\/index.php\/dojazd\/","title":{"rendered":"DOJAZD"},"content":{"rendered":"\n<p>Domki po\u0142o\u017cone s\u0105 zaledwie 10km od Gorlic. <br>Prosz\u0119 kierowa\u0107 si\u0119 wskaz\u00f3wkami na Google Maps. B\u0119d\u0105c ju\u017c w dolinie nale\u017cy szuka\u0107 betonowego podjazdu o nachyleniu oko\u0142o 15%. <strong>Parking g\u00f3rny<\/strong> znajduje si\u0119 tu\u017c przy domkach. Zim\u0105, je\u015bli jest \u015bnieg czy l\u00f3d dojazd mo\u017cliwy jest tylko samochodem z 4&#215;4 na \u0142a\u0144cuchach. Pozosta\u0142e auta nale\u017cy zostawi\u0107 na <strong>dolnym parkingu<\/strong> i przej\u015b\u0107 70m po schodkach. Na \u017cyczenie wwozimy baga\u017ce i zakupy.<\/p>\n\n\n\n<figure class=\"wp-block-image size-large is-resized\"><img loading=\"lazy\" decoding=\"async\" width=\"738\" height=\"1024\" src=\"https:\/\/tuwdolinie.pl\/wp-content\/uploads\/2024\/10\/Dojazd-738x1024.png\" alt=\"\" class=\"wp-image-83\" style=\"width:337px;height:auto\" srcset=\"https:\/\/tuwdolinie.pl\/wp-content\/uploads\/2024\/10\/Dojazd-738x1024.png 738w, https:\/\/tuwdolinie.pl\/wp-content\/uploads\/2024\/10\/Dojazd-216x300.png 216w, https:\/\/tuwdolinie.pl\/wp-content\/uploads\/2024\/10\/Dojazd-768x1065.png 768w, https:\/\/tuwdolinie.pl\/wp-content\/uploads\/2024\/10\/Dojazd-404x560.png 404w, https:\/\/tuwdolinie.pl\/wp-content\/uploads\/2024\/10\/Dojazd.png 845w\" sizes=\"auto, (max-width: 738px) 100vw, 738px\" \/><\/figure>\n\n\n\n<p><\/p>\n","protected":false},"excerpt":{"rendered":"<p>Domki po\u0142o\u017cone s\u0105 zaledwie 10km od Gorlic. Prosz\u0119 kierowa\u0107 si\u0119 wskaz\u00f3wkami na Google Maps. B\u0119d\u0105c ju\u017c w dolinie nale\u017cy szuka\u0107 betonowego podjazdu o nachyleniu oko\u0142o 15%. Parking g\u00f3rny znajduje si\u0119 tu\u017c przy domkach. Zim\u0105, je\u015bli jest \u015bnieg czy l\u00f3d dojazd mo\u017cliwy jest tylko samochodem z 4&#215;4 na \u0142a\u0144cuchach. Pozosta\u0142e auta nale\u017cy zostawi\u0107 na dolnym parkingu &hellip; <a href=\"https:\/\/tuwdolinie.pl\/index.php\/dojazd\/\" class=\"more-link\">Continue reading<span class=\"screen-reader-text\"> &#8220;DOJAZD&#8221;<\/span><\/a><\/p>\n","protected":false},"author":1,"featured_media":0,"parent":0,"menu_order":0,"comment_status":"closed","ping_status":"closed","template":"","meta":{"_themeisle_gutenberg_block_has_review":false,"footnotes":""},"class_list":["post-82","page","type-page","status-publish","hentry"],"_links":{"self":[{"href":"https:\/\/tuwdolinie.pl\/index.php\/wp-json\/wp\/v2\/pages\/82","targetHints":{"allow":["GET"]}}],"collection":[{"href":"https:\/\/tuwdolinie.pl\/index.php\/wp-json\/wp\/v2\/pages"}],"about":[{"href":"https:\/\/tuwdolinie.pl\/index.php\/wp-json\/wp\/v2\/types\/page"}],"author":[{"embeddable":true,"href":"https:\/\/tuwdolinie.pl\/index.php\/wp-json\/wp\/v2\/users\/1"}],"replies":[{"embeddable":true,"href":"https:\/\/tuwdolinie.pl\/index.php\/wp-json\/wp\/v2\/comments?post=82"}],"version-history":[{"count":4,"href":"https:\/\/tuwdolinie.pl\/index.php\/wp-json\/wp\/v2\/pages\/82\/revisions"}],"predecessor-version":[{"id":164,"href":"https:\/\/tuwdolinie.pl\/index.php\/wp-json\/wp\/v2\/pages\/82\/revisions\/164"}],"wp:attachment":[{"href":"https:\/\/tuwdolinie.pl\/index.php\/wp-json\/wp\/v2\/media?parent=82"}],"curies":[{"name":"wp","href":"https:\/\/api.w.org\/{rel}","templated":true}]}}