{"id":88,"date":"2024-10-11T08:16:19","date_gmt":"2024-10-11T08:16:19","guid":{"rendered":"https:\/\/tuwdolinie.pl\/?page_id=88"},"modified":"2026-03-05T09:03:03","modified_gmt":"2026-03-05T09:03:03","slug":"strona-glowna","status":"publish","type":"page","link":"https:\/\/tuwdolinie.pl\/","title":{"rendered":"U nas odpoczniesz"},"content":{"rendered":"\n<p>Dwa przytulne domki po\u0142o\u017cone na stoku g\u00f3ry Wierszok, w otoczeniu zieleni i z zachwycaj\u0105cymi widokami na okolic\u0119. To miejsce, gdzie <strong>czas p\u0142ynie wolniej<\/strong>, a cisz\u0119 i spok\u00f3j przerywaj\u0105 jedynie <strong>d\u017awi\u0119ki natury<\/strong>. Na pobliskich \u0142\u0105kach mo\u017cna spotka\u0107 pas\u0105ce si\u0119 krowy i owce, a z pobliskiego lasu cz\u0119sto wychodz\u0105 sarny, jelenie czy lisy, tworz\u0105c wyj\u0105tkow\u0105, <strong>sielsk\u0105 atmosfer\u0119<\/strong> idealn\u0105 do wypoczynku. <\/p>\n\n\n\n<p>Domki po\u0142o\u017cone s\u0105 w malowniczym rejonie <strong>Beskidu Niskiego<\/strong> &#8211; <strong>najdzikszego<\/strong> <strong>pasma g\u00f3rskiego<\/strong> w Polsce. To idealne miejsce dla os\u00f3b szukaj\u0105cych spokoju, natury i aktywnego wypoczynku. W najbli\u017cszej okolicy znajduje si\u0119 wiele <strong>szlak\u00f3w pieszych <\/strong>oraz <strong>tras rowerowych<\/strong> prowadz\u0105cych przez lasy, \u0142\u0105ki i urokliwe beskidzkie krajobrazy. Ka\u017cda pora odkrywa tu inne oblicze natury &#8211; od soczystej zieleni wiosny, przez z\u0142ote jesienne pejza\u017ce, a\u017c po spokojn\u0105 zimow\u0105 sceneri\u0119.<\/p>\n\n\n\n<p>Na terenie obiektu najm\u0142odsi Go\u015bcie mog\u0105 korzysta\u0107 z<strong> placu zabaw<\/strong>, a tak\u017ce 4 ha <strong>prywatnego lasu<\/strong> &#8211; przestrzeni do swobodnej zabawy, odkrywania przyrody, budowania sza\u0142as\u00f3w i <strong>beztroskiej zabawy na \u015bwie\u017cym powietrzu<\/strong>. W odleg\u0142o\u015bci zaledwie 10 min jazdy autem znajduj\u0105 si\u0119 liczne rodzinne atrakcje: <strong>mini zoo<\/strong>, <strong>basen<\/strong>, <strong>wodny plac zabaw<\/strong>, <strong>park linowy<\/strong> oraz park historyczny, kt\u00f3re zapewni\u0105 dodatkow\u0105 dawk\u0119 rozrywki dla Go\u015bci w ka\u017cdym wieku.<\/p>\n\n\n\n<p>Nasze domki po\u0142o\u017cone s\u0105 w wyj\u0105tkowej okolicy, stworzonej z my\u015bl\u0105 o <strong>zimowym wypoczynku<\/strong>. Tu\u017c przed obiektem znajduje si\u0119 <strong>g\u00f3rka na sanki<\/strong>, a w zaledwie 10 minut jazdy samochodem czekaj\u0105 <strong>trzy stoki narciarskie<\/strong> z trasami o r\u00f3\u017cnym stopniu trudno\u015bci. Okolica zach\u0119ca tak\u017ce do spacer\u00f3w i <strong>pieszych w\u0119dr\u00f3wek<\/strong> po malowniczych szlakach. Dodatkow\u0105 atrakcj\u0105 s\u0105 pobliskie stadniny koni, oferuj\u0105ce klimatyczne <strong>kuligi w zaprz\u0119gu konnym<\/strong>. To miejsce, w kt\u00f3rym zimowy relaks \u0142\u0105czy si\u0119 z aktywnym wypoczynkiem i niezapomnianymi wra\u017ceniami.<\/p>\n\n\n\n<figure class=\"wp-block-image size-large\"><img loading=\"lazy\" decoding=\"async\" width=\"1024\" height=\"768\" src=\"https:\/\/tuwdolinie.pl\/wp-content\/uploads\/2025\/06\/20241007_112520-1024x768.jpg\" alt=\"\" class=\"wp-image-290\" srcset=\"https:\/\/tuwdolinie.pl\/wp-content\/uploads\/2025\/06\/20241007_112520-1024x768.jpg 1024w, https:\/\/tuwdolinie.pl\/wp-content\/uploads\/2025\/06\/20241007_112520-300x225.jpg 300w, https:\/\/tuwdolinie.pl\/wp-content\/uploads\/2025\/06\/20241007_112520-768x576.jpg 768w, https:\/\/tuwdolinie.pl\/wp-content\/uploads\/2025\/06\/20241007_112520-1536x1152.jpg 1536w, https:\/\/tuwdolinie.pl\/wp-content\/uploads\/2025\/06\/20241007_112520-2048x1536.jpg 2048w, https:\/\/tuwdolinie.pl\/wp-content\/uploads\/2025\/06\/20241007_112520-747x560.jpg 747w, https:\/\/tuwdolinie.pl\/wp-content\/uploads\/2025\/06\/20241007_112520-2000x1500.jpg 2000w\" sizes=\"auto, (max-width: 1024px) 100vw, 1024px\" \/><\/figure>\n","protected":false},"excerpt":{"rendered":"<p>Dwa przytulne domki po\u0142o\u017cone na stoku g\u00f3ry Wierszok, w otoczeniu zieleni i z zachwycaj\u0105cymi widokami na okolic\u0119. To miejsce, gdzie czas p\u0142ynie wolniej, a cisz\u0119 i spok\u00f3j przerywaj\u0105 jedynie d\u017awi\u0119ki natury. Na pobliskich \u0142\u0105kach mo\u017cna spotka\u0107 pas\u0105ce si\u0119 krowy i owce, a z pobliskiego lasu cz\u0119sto wychodz\u0105 sarny, jelenie czy lisy, tworz\u0105c wyj\u0105tkow\u0105, sielsk\u0105 atmosfer\u0119 &hellip; <a href=\"https:\/\/tuwdolinie.pl\/\" class=\"more-link\">Continue reading<span class=\"screen-reader-text\"> &#8220;U nas odpoczniesz&#8221;<\/span><\/a><\/p>\n","protected":false},"author":1,"featured_media":0,"parent":0,"menu_order":0,"comment_status":"closed","ping_status":"closed","template":"","meta":{"_themeisle_gutenberg_block_has_review":false,"footnotes":""},"class_list":["post-88","page","type-page","status-publish","hentry"],"_links":{"self":[{"href":"https:\/\/tuwdolinie.pl\/index.php\/wp-json\/wp\/v2\/pages\/88","targetHints":{"allow":["GET"]}}],"collection":[{"href":"https:\/\/tuwdolinie.pl\/index.php\/wp-json\/wp\/v2\/pages"}],"about":[{"href":"https:\/\/tuwdolinie.pl\/index.php\/wp-json\/wp\/v2\/types\/page"}],"author":[{"embeddable":true,"href":"https:\/\/tuwdolinie.pl\/index.php\/wp-json\/wp\/v2\/users\/1"}],"replies":[{"embeddable":true,"href":"https:\/\/tuwdolinie.pl\/index.php\/wp-json\/wp\/v2\/comments?post=88"}],"version-history":[{"count":11,"href":"https:\/\/tuwdolinie.pl\/index.php\/wp-json\/wp\/v2\/pages\/88\/revisions"}],"predecessor-version":[{"id":314,"href":"https:\/\/tuwdolinie.pl\/index.php\/wp-json\/wp\/v2\/pages\/88\/revisions\/314"}],"wp:attachment":[{"href":"https:\/\/tuwdolinie.pl\/index.php\/wp-json\/wp\/v2\/media?parent=88"}],"curies":[{"name":"wp","href":"https:\/\/api.w.org\/{rel}","templated":true}]}}